{"id":976,"date":"2024-12-18T18:12:18","date_gmt":"2024-12-18T17:12:18","guid":{"rendered":"https:\/\/critical-response.de\/?page_id=976"},"modified":"2025-01-03T13:49:41","modified_gmt":"2025-01-03T12:49:41","slug":"kontakt","status":"publish","type":"page","link":"https:\/\/critical-response.de\/de_de\/kontakt\/","title":{"rendered":"Kontakt"},"content":{"rendered":"\t\t<div data-elementor-type=\"wp-page\" data-elementor-id=\"976\" class=\"elementor elementor-976\" data-elementor-post-type=\"page\">\n\t\t\t\t<div class=\"elementor-element elementor-element-ba82ca9 e-flex e-con-boxed e-con e-parent\" data-id=\"ba82ca9\" data-element_type=\"container\">\n\t\t\t\t\t<div class=\"e-con-inner\">\n\t\t<div class=\"elementor-element elementor-element-2478ce9 e-con-full e-flex e-con e-child\" data-id=\"2478ce9\" data-element_type=\"container\">\n\t\t\t\t<div class=\"elementor-element elementor-element-7837e61 elementor-widget elementor-widget-heading\" data-id=\"7837e61\" data-element_type=\"widget\" data-widget_type=\"heading.default\">\n\t\t\t\t\t<h1 class=\"elementor-heading-title elementor-size-default\">Werde jetzt sicherer!<\/h1>\t\t\t\t<\/div>\n\t\t\t\t<div class=\"elementor-element elementor-element-775bb42 elementor-widget elementor-widget-wpforms\" data-id=\"775bb42\" data-element_type=\"widget\" data-widget_type=\"wpforms.default\">\n\t\t\t\t<div class=\"elementor-widget-container\">\n\t\t\t\t\t<style id=\"wpforms-css-vars-elementor-widget-775bb42\">\n\t\t\t\t.elementor-widget-wpforms.elementor-element-775bb42 {\n\t\t\t\t--wpforms-field-border-radius: 5px;\n--wpforms-field-text-color: #3E3E3E;\n--wpforms-label-color: #252525;\n--wpforms-label-sublabel-color: #252525;\n--wpforms-button-background-color: #0B5885;\n--wpforms-button-text-color: #FFFFFF;\n--wpforms-button-size-font-size: 20px;\n--wpforms-button-size-height: 48px;\n--wpforms-button-size-padding-h: 20px;\n--wpforms-button-size-margin-top: 15px;\n\t\t\t}\n\t\t\t<\/style><div class=\"wpforms-container wpforms-container-full wpforms-render-modern\" id=\"wpforms-850\"><form id=\"wpforms-form-850\" class=\"wpforms-validate wpforms-form wpforms-ajax-form\" data-formid=\"850\" method=\"post\" enctype=\"multipart\/form-data\" action=\"\/de_de\/wp-json\/wp\/v2\/pages\/976\" data-token=\"7756ce0feb9f7b714edff5bd8f400f3c\" data-token-time=\"1775408161\"><noscript class=\"wpforms-error-noscript\">Bitte aktiviere JavaScript in deinem Browser, um dieses Formular fertigzustellen.<\/noscript><div id=\"wpforms-error-noscript\" style=\"display: none;\">Bitte aktiviere JavaScript in deinem Browser, um dieses Formular fertigzustellen.<\/div><div class=\"wpforms-field-container\"><div id=\"wpforms-850-field_2-container\" class=\"wpforms-field wpforms-field-select wpforms-field-select-style-modern\" data-field-id=\"2\"><label class=\"wpforms-field-label\" for=\"wpforms-850-field_2\">Um welches Thema soll es gehen?<\/label><select id=\"wpforms-850-field_2\" class=\"wpforms-field-medium choicesjs-select\" data-size-class=\"wpforms-field-row wpforms-field-medium\" data-search-enabled=\"\" name=\"wpforms[fields][2]\"><option value=\"\" class=\"placeholder\" disabled  selected='selected'><\/option><option value=\"Workshops Gewalt\"  class=\"choice-1 depth-1\"  >Workshops Gewalt<\/option><option value=\"Workshops Kampf\"  class=\"choice-2 depth-1\"  >Workshops Kampf<\/option><option value=\"Workshops Charakter\"  class=\"choice-3 depth-1\"  >Workshops Charakter<\/option><option value=\"Vortr\u00e4ge\"  class=\"choice-12 depth-1\"  >Vortr\u00e4ge<\/option><option value=\"kein direkter Workshop - Ich m\u00f6chte einfach nur beraten werden\"  class=\"choice-11 depth-1\"  >kein direkter Workshop - Ich m\u00f6chte einfach nur beraten werden<\/option><\/select><\/div><div id=\"wpforms-850-field_3-container\" class=\"wpforms-field wpforms-field-name\" data-field-id=\"3\"><fieldset><legend class=\"wpforms-field-label\">Dein Name <span class=\"wpforms-required-label\" aria-hidden=\"true\">*<\/span><\/legend><div class=\"wpforms-field-row wpforms-field-medium\"><div class=\"wpforms-field-row-block wpforms-first wpforms-one-half\"><input type=\"text\" id=\"wpforms-850-field_3\" class=\"wpforms-field-name-first wpforms-field-required\" name=\"wpforms[fields][3][first]\" aria-errormessage=\"wpforms-850-field_3-error\" required><label for=\"wpforms-850-field_3\" class=\"wpforms-field-sublabel after\">Vorname<\/label><\/div><div class=\"wpforms-field-row-block wpforms-one-half\"><input type=\"text\" id=\"wpforms-850-field_3-last\" class=\"wpforms-field-name-last wpforms-field-required\" name=\"wpforms[fields][3][last]\" aria-errormessage=\"wpforms-850-field_3-last-error\" required><label for=\"wpforms-850-field_3-last\" class=\"wpforms-field-sublabel after\">Nachname<\/label><\/div><\/div><\/fieldset><\/div><div id=\"wpforms-850-field_4-container\" class=\"wpforms-field wpforms-field-email\" data-field-id=\"4\"><label class=\"wpforms-field-label\" for=\"wpforms-850-field_4\">Deine E-Mail-Adresse <span class=\"wpforms-required-label\" aria-hidden=\"true\">*<\/span><\/label><input type=\"email\" id=\"wpforms-850-field_4\" class=\"wpforms-field-medium wpforms-field-required\" name=\"wpforms[fields][4]\" spellcheck=\"false\" aria-errormessage=\"wpforms-850-field_4-error\" required><\/div><div id=\"wpforms-850-field_5-container\" class=\"wpforms-field wpforms-field-text\" data-field-id=\"5\"><label class=\"wpforms-field-label\" for=\"wpforms-850-field_5\">M\u00f6chtest Du mir sonst noch etwas erz\u00e4hlen? <\/label><input type=\"text\" id=\"wpforms-850-field_5\" class=\"wpforms-field-medium\" name=\"wpforms[fields][5]\" aria-errormessage=\"wpforms-850-field_5-error\" ><\/div>\t\t<div id=\"wpforms-850-field_1-container\"\n\t\t\tclass=\"wpforms-field wpforms-field-text\"\n\t\t\tdata-field-type=\"text\"\n\t\t\tdata-field-id=\"1\"\n\t\t\t>\n\t\t\t<label class=\"wpforms-field-label\" for=\"wpforms-850-field_1\" >Name erz\u00e4hlen? Um<\/label>\n\t\t\t<input type=\"text\" id=\"wpforms-850-field_1\" class=\"wpforms-field-medium\" name=\"wpforms[fields][1]\" >\n\t\t<\/div>\n\t\t<div id=\"wpforms-850-field_6-container\" class=\"wpforms-field wpforms-field-checkbox\" data-field-id=\"6\"><fieldset><legend class=\"wpforms-field-label\">Datenschutz <span class=\"wpforms-required-label\" aria-hidden=\"true\">*<\/span><\/legend><ul id=\"wpforms-850-field_6\" class=\"wpforms-field-required\"><li class=\"choice-1 depth-1\"><input type=\"checkbox\" id=\"wpforms-850-field_6_1\" name=\"wpforms[fields][6][]\" value=\"Ich habe die &lt;a href=&quot;\/datenschutz&quot;&gt;Datenschutzerkl\u00e4rung&lt;\/a&gt; zur Kenntnis genommen.\" aria-errormessage=\"wpforms-850-field_6_1-error\" required ><label class=\"wpforms-field-label-inline\" for=\"wpforms-850-field_6_1\">Ich habe die <a href=\"\/datenschutz\">Datenschutzerkl\u00e4rung<\/a> zur Kenntnis genommen.<\/label><\/li><\/ul><\/fieldset><\/div><script>\n\t\t\t\t( function() {\n\t\t\t\t\tconst style = document.createElement( 'style' );\n\t\t\t\t\tstyle.appendChild( document.createTextNode( '#wpforms-850-field_1-container { position: absolute !important; overflow: hidden !important; display: inline !important; height: 1px !important; width: 1px !important; z-index: -1000 !important; padding: 0 !important; } #wpforms-850-field_1-container input { visibility: hidden; } #wpforms-conversational-form-page #wpforms-850-field_1-container label { counter-increment: none; }' ) );\n\t\t\t\t\tdocument.head.appendChild( style );\n\t\t\t\t\tdocument.currentScript?.remove();\n\t\t\t\t} )();\n\t\t\t<\/script><\/div><!-- .wpforms-field-container --><div class=\"wpforms-submit-container\" ><input type=\"hidden\" name=\"wpforms[id]\" value=\"850\"><input type=\"hidden\" name=\"page_title\" value=\"\"><input type=\"hidden\" name=\"page_url\" value=\"https:\/\/critical-response.de\/de_de\/wp-json\/wp\/v2\/pages\/976\"><input type=\"hidden\" name=\"url_referer\" value=\"\"><button type=\"submit\" name=\"wpforms[submit]\" id=\"wpforms-submit-850\" class=\"wpforms-submit\" data-alt-text=\"Wird gesendet\u00a0\u2026\" data-submit-text=\"Absenden, um sicherer zu werden!\" aria-live=\"assertive\" value=\"wpforms-submit\">Absenden, um sicherer zu werden!<\/button><img decoding=\"async\" src=\"https:\/\/critical-response.de\/wp-content\/plugins\/wpforms-lite\/assets\/images\/submit-spin.svg\" class=\"wpforms-submit-spinner\" style=\"display: none;\" width=\"26\" height=\"26\" alt=\"Wird geladen\"><\/div><\/form><\/div>  <!-- .wpforms-container -->\t\t\t\t<\/div>\n\t\t\t\t<\/div>\n\t\t\t\t<\/div>\n\t\t\t\t\t<\/div>\n\t\t\t\t<\/div>\n\t\t<div class=\"elementor-element elementor-element-da6b32d e-flex e-con-boxed e-con e-parent\" data-id=\"da6b32d\" data-element_type=\"container\">\n\t\t\t\t\t<div class=\"e-con-inner\">\n\t\t\t\t\t<\/div>\n\t\t\t\t<\/div>\n\t\t\t\t<\/div>\n\t\t","protected":false},"excerpt":{"rendered":"<p>Werde jetzt sicherer! Bitte aktiviere JavaScript in deinem Browser, um dieses Formular fertigzustellen.Bitte aktiviere JavaScript in deinem Browser, um dieses Formular fertigzustellen.Um welche Workshops soll es gehen?Workshops GewaltWorkshops GewaltWorkshops KampfWorkshops Charakterkein direkter Workshop &#8211; Ich m\u00f6chte einfach nur beraten werden Dein Name * VornameNachname Deine E-Mail-Adresse *M\u00f6chtest Du mir sonst noch etwas erz\u00e4hlen? Absenden, um [&hellip;]<\/p>\n","protected":false},"author":1,"featured_media":0,"parent":0,"menu_order":0,"comment_status":"closed","ping_status":"closed","template":"","meta":{"footnotes":""},"class_list":["post-976","page","type-page","status-publish","hentry"],"yoast_head":"<!-- This site is optimized with the Yoast SEO plugin v26.7 - https:\/\/yoast.com\/wordpress\/plugins\/seo\/ -->\n<title>Jetzt Selbstverteidigung lernen I Kontakt<\/title>\n<meta name=\"description\" content=\"Welcher Workshop passt am besten zu Dir? Lerne jetzt Selbstverteidigung. Lass Dich beraten und nimm Kontakt auf. Werde jetzt st\u00e4rker und sicherer!\" \/>\n<meta name=\"robots\" content=\"index, follow, max-snippet:-1, max-image-preview:large, max-video-preview:-1\" \/>\n<link rel=\"canonical\" href=\"https:\/\/critical-response.de\/de_de\/kontakt\/\" \/>\n<meta property=\"og:locale\" content=\"de_DE\" \/>\n<meta property=\"og:type\" content=\"article\" \/>\n<meta property=\"og:title\" content=\"Jetzt Selbstverteidigung lernen I Kontakt\" \/>\n<meta property=\"og:description\" content=\"Welcher Workshop passt am besten zu Dir? Lerne jetzt Selbstverteidigung. Lass Dich beraten und nimm Kontakt auf. Werde jetzt st\u00e4rker und sicherer!\" \/>\n<meta property=\"og:url\" content=\"https:\/\/critical-response.de\/de_de\/kontakt\/\" \/>\n<meta property=\"og:site_name\" content=\"critical-response.de\" \/>\n<meta property=\"article:modified_time\" content=\"2025-01-03T12:49:41+00:00\" \/>\n<meta property=\"og:image\" content=\"https:\/\/critical-response.de\/wp-content\/plugins\/wpforms-lite\/assets\/images\/submit-spin.svg\" \/>\n<meta name=\"twitter:card\" content=\"summary_large_image\" \/>\n<meta name=\"twitter:label1\" content=\"Gesch\u00e4tzte Lesezeit\" \/>\n\t<meta name=\"twitter:data1\" content=\"1\u00a0Minute\" \/>\n<script type=\"application\/ld+json\" class=\"yoast-schema-graph\">{\"@context\":\"https:\/\/schema.org\",\"@graph\":[{\"@type\":\"WebPage\",\"@id\":\"https:\/\/critical-response.de\/de_de\/kontakt\/\",\"url\":\"https:\/\/critical-response.de\/de_de\/kontakt\/\",\"name\":\"Jetzt Selbstverteidigung lernen I Kontakt\",\"isPartOf\":{\"@id\":\"https:\/\/critical-response.de\/#website\"},\"primaryImageOfPage\":{\"@id\":\"https:\/\/critical-response.de\/de_de\/kontakt\/#primaryimage\"},\"image\":{\"@id\":\"https:\/\/critical-response.de\/de_de\/kontakt\/#primaryimage\"},\"thumbnailUrl\":\"https:\/\/critical-response.de\/wp-content\/plugins\/wpforms-lite\/assets\/images\/submit-spin.svg\",\"datePublished\":\"2024-12-18T17:12:18+00:00\",\"dateModified\":\"2025-01-03T12:49:41+00:00\",\"description\":\"Welcher Workshop passt am besten zu Dir? Lerne jetzt Selbstverteidigung. Lass Dich beraten und nimm Kontakt auf. Werde jetzt st\u00e4rker und sicherer!\",\"breadcrumb\":{\"@id\":\"https:\/\/critical-response.de\/de_de\/kontakt\/#breadcrumb\"},\"inLanguage\":\"de\",\"potentialAction\":[{\"@type\":\"ReadAction\",\"target\":[\"https:\/\/critical-response.de\/de_de\/kontakt\/\"]}]},{\"@type\":\"ImageObject\",\"inLanguage\":\"de\",\"@id\":\"https:\/\/critical-response.de\/de_de\/kontakt\/#primaryimage\",\"url\":\"https:\/\/critical-response.de\/wp-content\/plugins\/wpforms-lite\/assets\/images\/submit-spin.svg\",\"contentUrl\":\"https:\/\/critical-response.de\/wp-content\/plugins\/wpforms-lite\/assets\/images\/submit-spin.svg\"},{\"@type\":\"BreadcrumbList\",\"@id\":\"https:\/\/critical-response.de\/de_de\/kontakt\/#breadcrumb\",\"itemListElement\":[{\"@type\":\"ListItem\",\"position\":1,\"name\":\"Startseite\",\"item\":\"https:\/\/critical-response.de\/\"},{\"@type\":\"ListItem\",\"position\":2,\"name\":\"Kontakt\"}]},{\"@type\":\"WebSite\",\"@id\":\"https:\/\/critical-response.de\/#website\",\"url\":\"https:\/\/critical-response.de\/\",\"name\":\"critical-response.de\",\"description\":\"\",\"publisher\":{\"@id\":\"https:\/\/critical-response.de\/#organization\"},\"potentialAction\":[{\"@type\":\"SearchAction\",\"target\":{\"@type\":\"EntryPoint\",\"urlTemplate\":\"https:\/\/critical-response.de\/?s={search_term_string}\"},\"query-input\":{\"@type\":\"PropertyValueSpecification\",\"valueRequired\":true,\"valueName\":\"search_term_string\"}}],\"inLanguage\":\"de\"},{\"@type\":\"Organization\",\"@id\":\"https:\/\/critical-response.de\/#organization\",\"name\":\"Critical Response\",\"url\":\"https:\/\/critical-response.de\/\",\"logo\":{\"@type\":\"ImageObject\",\"inLanguage\":\"de\",\"@id\":\"https:\/\/critical-response.de\/#\/schema\/logo\/image\/\",\"url\":\"https:\/\/critical-response.de\/wp-content\/uploads\/2024\/12\/cr_logo_a_194.png\",\"contentUrl\":\"https:\/\/critical-response.de\/wp-content\/uploads\/2024\/12\/cr_logo_a_194.png\",\"width\":1523,\"height\":790,\"caption\":\"Critical Response\"},\"image\":{\"@id\":\"https:\/\/critical-response.de\/#\/schema\/logo\/image\/\"}}]}<\/script>\n<!-- \/ Yoast SEO plugin. -->","yoast_head_json":{"title":"Jetzt Selbstverteidigung lernen I Kontakt","description":"Welcher Workshop passt am besten zu Dir? Lerne jetzt Selbstverteidigung. Lass Dich beraten und nimm Kontakt auf. Werde jetzt st\u00e4rker und sicherer!","robots":{"index":"index","follow":"follow","max-snippet":"max-snippet:-1","max-image-preview":"max-image-preview:large","max-video-preview":"max-video-preview:-1"},"canonical":"https:\/\/critical-response.de\/de_de\/kontakt\/","og_locale":"de_DE","og_type":"article","og_title":"Jetzt Selbstverteidigung lernen I Kontakt","og_description":"Welcher Workshop passt am besten zu Dir? Lerne jetzt Selbstverteidigung. Lass Dich beraten und nimm Kontakt auf. Werde jetzt st\u00e4rker und sicherer!","og_url":"https:\/\/critical-response.de\/de_de\/kontakt\/","og_site_name":"critical-response.de","article_modified_time":"2025-01-03T12:49:41+00:00","og_image":[{"url":"https:\/\/critical-response.de\/wp-content\/plugins\/wpforms-lite\/assets\/images\/submit-spin.svg","type":"","width":"","height":""}],"twitter_card":"summary_large_image","twitter_misc":{"Gesch\u00e4tzte Lesezeit":"1\u00a0Minute"},"schema":{"@context":"https:\/\/schema.org","@graph":[{"@type":"WebPage","@id":"https:\/\/critical-response.de\/de_de\/kontakt\/","url":"https:\/\/critical-response.de\/de_de\/kontakt\/","name":"Jetzt Selbstverteidigung lernen I Kontakt","isPartOf":{"@id":"https:\/\/critical-response.de\/#website"},"primaryImageOfPage":{"@id":"https:\/\/critical-response.de\/de_de\/kontakt\/#primaryimage"},"image":{"@id":"https:\/\/critical-response.de\/de_de\/kontakt\/#primaryimage"},"thumbnailUrl":"https:\/\/critical-response.de\/wp-content\/plugins\/wpforms-lite\/assets\/images\/submit-spin.svg","datePublished":"2024-12-18T17:12:18+00:00","dateModified":"2025-01-03T12:49:41+00:00","description":"Welcher Workshop passt am besten zu Dir? Lerne jetzt Selbstverteidigung. Lass Dich beraten und nimm Kontakt auf. Werde jetzt st\u00e4rker und sicherer!","breadcrumb":{"@id":"https:\/\/critical-response.de\/de_de\/kontakt\/#breadcrumb"},"inLanguage":"de","potentialAction":[{"@type":"ReadAction","target":["https:\/\/critical-response.de\/de_de\/kontakt\/"]}]},{"@type":"ImageObject","inLanguage":"de","@id":"https:\/\/critical-response.de\/de_de\/kontakt\/#primaryimage","url":"https:\/\/critical-response.de\/wp-content\/plugins\/wpforms-lite\/assets\/images\/submit-spin.svg","contentUrl":"https:\/\/critical-response.de\/wp-content\/plugins\/wpforms-lite\/assets\/images\/submit-spin.svg"},{"@type":"BreadcrumbList","@id":"https:\/\/critical-response.de\/de_de\/kontakt\/#breadcrumb","itemListElement":[{"@type":"ListItem","position":1,"name":"Startseite","item":"https:\/\/critical-response.de\/"},{"@type":"ListItem","position":2,"name":"Kontakt"}]},{"@type":"WebSite","@id":"https:\/\/critical-response.de\/#website","url":"https:\/\/critical-response.de\/","name":"critical-response.de","description":"","publisher":{"@id":"https:\/\/critical-response.de\/#organization"},"potentialAction":[{"@type":"SearchAction","target":{"@type":"EntryPoint","urlTemplate":"https:\/\/critical-response.de\/?s={search_term_string}"},"query-input":{"@type":"PropertyValueSpecification","valueRequired":true,"valueName":"search_term_string"}}],"inLanguage":"de"},{"@type":"Organization","@id":"https:\/\/critical-response.de\/#organization","name":"Critical Response","url":"https:\/\/critical-response.de\/","logo":{"@type":"ImageObject","inLanguage":"de","@id":"https:\/\/critical-response.de\/#\/schema\/logo\/image\/","url":"https:\/\/critical-response.de\/wp-content\/uploads\/2024\/12\/cr_logo_a_194.png","contentUrl":"https:\/\/critical-response.de\/wp-content\/uploads\/2024\/12\/cr_logo_a_194.png","width":1523,"height":790,"caption":"Critical Response"},"image":{"@id":"https:\/\/critical-response.de\/#\/schema\/logo\/image\/"}}]}},"_links":{"self":[{"href":"https:\/\/critical-response.de\/de_de\/wp-json\/wp\/v2\/pages\/976","targetHints":{"allow":["GET"]}}],"collection":[{"href":"https:\/\/critical-response.de\/de_de\/wp-json\/wp\/v2\/pages"}],"about":[{"href":"https:\/\/critical-response.de\/de_de\/wp-json\/wp\/v2\/types\/page"}],"author":[{"embeddable":true,"href":"https:\/\/critical-response.de\/de_de\/wp-json\/wp\/v2\/users\/1"}],"replies":[{"embeddable":true,"href":"https:\/\/critical-response.de\/de_de\/wp-json\/wp\/v2\/comments?post=976"}],"version-history":[{"count":56,"href":"https:\/\/critical-response.de\/de_de\/wp-json\/wp\/v2\/pages\/976\/revisions"}],"predecessor-version":[{"id":1544,"href":"https:\/\/critical-response.de\/de_de\/wp-json\/wp\/v2\/pages\/976\/revisions\/1544"}],"wp:attachment":[{"href":"https:\/\/critical-response.de\/de_de\/wp-json\/wp\/v2\/media?parent=976"}],"curies":[{"name":"wp","href":"https:\/\/api.w.org\/{rel}","templated":true}]}}